{"id":23,"date":"2015-10-24T12:29:26","date_gmt":"2015-10-24T09:29:26","guid":{"rendered":"http:\/\/www.yeniyilmazcam.com\/?page_id=23"},"modified":"2015-11-06T16:32:24","modified_gmt":"2015-11-06T14:32:24","slug":"iletisim","status":"publish","type":"page","link":"http:\/\/www.yeniyilmazcam.com\/index.php\/iletisim\/","title":{"rendered":"\u0130leti\u015fim"},"content":{"rendered":"<div class=\"row-2 clearfix\">\n<div class=\"col-1-2\">\n<p><strong>ADRES B\u0130LG\u0130LER\u0130M\u0130Z<br \/>\n<\/strong>Yunusemre Mh. 4. Yaprak Sk. No:16-18<br \/>\nY\u0131ld\u0131r\u0131m &#8211; BURSA &#8211; T\u00dcRK\u0130YE<\/p>\n<p><strong>TELEFON NUMARALARIMIZ<\/strong><br \/>\n0 224 363 45 78<br \/>\n0 224 363 45 79<br \/>\n0 224 363 45 80<\/p>\n<p><strong>FAKS NUMARALARIMIZ<\/strong><br \/>\n0 224 363 45 81<\/p>\n<p><strong>E-POSTA ADRES\u0130M\u0130Z<\/strong><br \/>\n<a href=\"mailto:info@yeniyilmazcam.com\">info@yeniyilmazcam.com<br \/>\n<\/a><a href=\"mailto:muhasebe@yeniyilmazcam.com\">muhasebe@yeniyilmazcam.com<\/a><a href=\"mailto:info@yeniyilmazcam.com\"><br \/>\n<\/a><a href=\"mailto:yeniyilmazcam@hotmail.com\">yeniyilmazcam@hotmail.com<\/a><\/p>\n<\/div>\n<div class=\"col-1-2\"><iframe loading=\"lazy\" style=\"border: 0;\" src=\"https:\/\/www.google.com\/maps\/embed?pb=!1m18!1m12!1m3!1d3047.4282577716954!2d29.10692671554583!3d40.199535676743956!2m3!1f0!2f0!3f0!3m2!1i1024!2i768!4f13.1!3m3!1m2!1s0x14ca3eeec5cfe725%3A0xf16ead029dc4889!2zNC4gWWFwcmFrIFNrLiBObzoxNiwgWXVudXNlbXJlLCAxNjI3MCBZxLFsZMSxcsSxbS9CdXJzYSwgVMO8cmtpeWU!5e0!3m2!1str!2sus!4v1446820298735\" width=\"600\" height=\"450\" frameborder=\"0\" allowfullscreen=\"allowfullscreen\"><\/iframe><\/div>\n<\/div>\n        <script type=\"text\/javascript\">\n         function cp_contactformtoemail_pform_doValidate_1(form)\n         {\n            document.cp_contactformtoemail_pform_1.cp_ref_page.value = document.location;\n            $dexQuery = jQuery.noConflict();            if (document.cp_contactformtoemail_pform_1.hdcaptcha_cp_contactformtoemail_post.value == '') { setTimeout( \"cp_contactformtoemail_cerror_1()\", 100); return false; }\n            var result = $dexQuery.ajax({ type: \"GET\", url: \"\/index.php\/?ps=_1&cp_contactformtoemail_pform_process=2&inAdmin=1&ps=_1&hdcaptcha_cp_contactformtoemail_post=\"+document.cp_contactformtoemail_pform_1.hdcaptcha_cp_contactformtoemail_post.value, async: false }).responseText;\n            if (result.indexOf(\"captchafailed\") != -1) {\n                $dexQuery(\"#captchaimg_1\").attr('src', $dexQuery(\"#captchaimg_1\").attr('src')+'&'+Date());\n                setTimeout( \"cp_contactformtoemail_cerror_1()\", 100);\n                return false;\n            } else             {\n                document.getElementById(\"form_structure_1\").value = '';    \n                return true;\n            }    \n         }\n         function cp_contactformtoemail_cerror_1(){$dexQuery = jQuery.noConflict();$dexQuery(\"#hdcaptcha_error_1\").css('top',$dexQuery(\"#hdcaptcha_cp_contactformtoemail_post_1\").outerHeight());$dexQuery(\"#hdcaptcha_error_1\").css(\"display\",\"inline\");}\n        <\/script>\n        <\/p>\r\n<link href=\"http:\/\/www.yeniyilmazcam.com\/wp-content\/plugins\/contact-form-to-email\/css\/stylepublic.css\" type=\"text\/css\" rel=\"stylesheet\" \/>\r\n<link href=\"http:\/\/www.yeniyilmazcam.com\/wp-content\/plugins\/contact-form-to-email\/css\/cupertino\/jquery-ui-1.8.20.custom.css\" type=\"text\/css\" rel=\"stylesheet\" \/>\r\n<form class=\"cpp_form\" name=\"cp_contactformtoemail_pform_1\" id=\"cp_contactformtoemail_pform_1\" action=\"\" method=\"post\" enctype=\"multipart\/form-data\" onsubmit=\"return cp_contactformtoemail_pform_doValidate_1(this);\"><input type=\"hidden\" name=\"cp_pform_psequence\" value=\"_1\" \/><input type=\"hidden\" name=\"cp_contactformtoemail_pform_process\" value=\"1\" \/><input type=\"hidden\" name=\"cp_contactformtoemail_id\" value=\"1\" \/><input type=\"hidden\" name=\"cp_ref_page\" value=\"\" \/><input type=\"hidden\" name=\"form_structure_1\" id=\"form_structure_1\" size=\"180\" value=\"[[{&quot;name&quot;:&quot;email&quot;,&quot;index&quot;:0,&quot;title&quot;:&quot;E-posta&quot;,&quot;ftype&quot;:&quot;femail&quot;,&quot;userhelp&quot;:&quot;&quot;,&quot;csslayout&quot;:&quot;&quot;,&quot;required&quot;:true,&quot;predefined&quot;:&quot;&quot;,&quot;size&quot;:&quot;medium&quot;,&quot;shortlabel&quot;:&quot;&quot;,&quot;userhelpTooltip&quot;:false,&quot;predefinedClick&quot;:false,&quot;equalTo&quot;:&quot;&quot;},{&quot;name&quot;:&quot;subject&quot;,&quot;index&quot;:1,&quot;title&quot;:&quot;Konu&quot;,&quot;required&quot;:true,&quot;ftype&quot;:&quot;ftext&quot;,&quot;userhelp&quot;:&quot;&quot;,&quot;csslayout&quot;:&quot;&quot;,&quot;predefined&quot;:&quot;&quot;,&quot;size&quot;:&quot;medium&quot;,&quot;shortlabel&quot;:&quot;&quot;,&quot;userhelpTooltip&quot;:false,&quot;predefinedClick&quot;:false,&quot;minlength&quot;:&quot;&quot;,&quot;maxlength&quot;:&quot;&quot;,&quot;equalTo&quot;:&quot;&quot;},{&quot;name&quot;:&quot;message&quot;,&quot;index&quot;:2,&quot;size&quot;:&quot;large&quot;,&quot;required&quot;:true,&quot;title&quot;:&quot;Mesaj&quot;,&quot;ftype&quot;:&quot;ftextarea&quot;,&quot;userhelp&quot;:&quot;&quot;,&quot;csslayout&quot;:&quot;&quot;,&quot;predefined&quot;:&quot;&quot;,&quot;shortlabel&quot;:&quot;&quot;,&quot;userhelpTooltip&quot;:false,&quot;predefinedClick&quot;:false,&quot;minlength&quot;:&quot;&quot;,&quot;maxlength&quot;:&quot;&quot;}],[{&quot;title&quot;:&quot;\\u0130leti\\u015fim Formu&quot;,&quot;description&quot;:&quot;&quot;,&quot;formlayout&quot;:&quot;top_aligned&quot;}]]\" \/>\r\n<div id=\"fbuilder\">    \r\n    <div id=\"fbuilder_1\">\r\n        <div id=\"formheader_1\"><\/div>\r\n        <div id=\"fieldlist_1\"><\/div>\r\n    <\/div>\r\n<\/div>    \r\n<div id=\"cpcaptchalayer_1\" class=\"cpcaptchalayer\">\r\n  G\u00fcvenlik Kodu::<br \/>\r\n  <img src=\"\/index.php\/?cp_contactformtoemail_captcha=captcha&ps=_1&inAdmin=1&width=180&height=65&letter_count=5&min_size=25&max_size=35&noise=190&noiselength=4&bcolor=ffffff&border=000000&font=font-1.ttf\"  id=\"captchaimg_1\" alt=\"security code\" border=\"0\"  \/>\r\n  <br \/>L\u00fctfen Kodu girin:<br \/>\r\n  <div class=\"dfield\"><input type=\"text\" size=\"20\" name=\"hdcaptcha_cp_contactformtoemail_post\" id=\"hdcaptcha_cp_contactformtoemail_post_1\" value=\"\" \/>\r\n  <div class=\"cpefb_error message\" id=\"hdcaptcha_error_1\" generated=\"true\" style=\"display:none;position: absolute; left: 0px; top: 25px;\">Ge\u00e7erli bir do\u011frulama kodunu giriniz.<\/div>\r\n  <\/div><br \/>  \r\n<\/div>\r\n<div id=\"cp_subbtn_1\" class=\"cp_subbtn\">G\u00f6nder<\/div>\r\n<\/form>\n","protected":false},"excerpt":{"rendered":"<p>ADRES B\u0130LG\u0130LER\u0130M\u0130Z Yunusemre Mh. 4. Yaprak Sk. No:16-18 Y\u0131ld\u0131r\u0131m &#8211; BURSA &#8211; T\u00dcRK\u0130YE TELEFON NUMARALARIMIZ 0 224 363 45 78 0 224 363 45 79 0 224 363 45 80 FAKS NUMARALARIMIZ 0 224 363 45 81 E-POSTA ADRES\u0130M\u0130Z info@yeniyilmazcam.com muhasebe@yeniyilmazcam.com yeniyilmazcam@hotmail.com<\/p>\n","protected":false},"author":1,"featured_media":0,"parent":0,"menu_order":0,"comment_status":"closed","ping_status":"closed","template":"sidebar-page.php","meta":[],"_links":{"self":[{"href":"http:\/\/www.yeniyilmazcam.com\/index.php\/wp-json\/wp\/v2\/pages\/23"}],"collection":[{"href":"http:\/\/www.yeniyilmazcam.com\/index.php\/wp-json\/wp\/v2\/pages"}],"about":[{"href":"http:\/\/www.yeniyilmazcam.com\/index.php\/wp-json\/wp\/v2\/types\/page"}],"author":[{"embeddable":true,"href":"http:\/\/www.yeniyilmazcam.com\/index.php\/wp-json\/wp\/v2\/users\/1"}],"replies":[{"embeddable":true,"href":"http:\/\/www.yeniyilmazcam.com\/index.php\/wp-json\/wp\/v2\/comments?post=23"}],"version-history":[{"count":30,"href":"http:\/\/www.yeniyilmazcam.com\/index.php\/wp-json\/wp\/v2\/pages\/23\/revisions"}],"predecessor-version":[{"id":243,"href":"http:\/\/www.yeniyilmazcam.com\/index.php\/wp-json\/wp\/v2\/pages\/23\/revisions\/243"}],"wp:attachment":[{"href":"http:\/\/www.yeniyilmazcam.com\/index.php\/wp-json\/wp\/v2\/media?parent=23"}],"curies":[{"name":"wp","href":"https:\/\/api.w.org\/{rel}","templated":true}]}}