{"id":21,"date":"2015-10-24T12:29:43","date_gmt":"2015-10-24T09:29:43","guid":{"rendered":"http:\/\/www.yeniyilmazcam.com\/?page_id=21"},"modified":"2024-05-22T20:15:51","modified_gmt":"2024-05-22T17:15:51","slug":"kurumsal","status":"publish","type":"page","link":"http:\/\/www.yeniyilmazcam.com\/index.php\/kurumsal\/","title":{"rendered":"Kurumsal"},"content":{"rendered":"<p><img decoding=\"async\" loading=\"lazy\" class=\"alignright size-medium wp-image-127\" src=\"http:\/\/www.yeniyilmazcam.com\/wp-content\/uploads\/2015\/10\/yeni-yilmaz-cam-300x225.jpg\" alt=\"yeni-yilmaz-cam\" width=\"300\" height=\"225\" srcset=\"http:\/\/www.yeniyilmazcam.com\/wp-content\/uploads\/2015\/10\/yeni-yilmaz-cam-300x225.jpg 300w, http:\/\/www.yeniyilmazcam.com\/wp-content\/uploads\/2015\/10\/yeni-yilmaz-cam-250x188.jpg 250w, http:\/\/www.yeniyilmazcam.com\/wp-content\/uploads\/2015\/10\/yeni-yilmaz-cam.jpg 400w\" sizes=\"(max-width: 300px) 100vw, 300px\" \/>\u0130\u015fletmemiz 1987 y\u0131l\u0131nda Y\u0131lmazlar Cam ad\u0131 ile Bursa Yavuz Selim mahallesinde 120m\u00b2 lik deposu ile bayilik yaparak ba\u015flam\u0131\u015ft\u0131r. 1993 y\u0131l\u0131nda \u0130talyan Malnati marka makine parkuruyla Be\u015fevler K\u00fc\u00e7\u00fck sanayi Sitesinde 300 m\u00b2 deposunda \u00c7ift Cam imalat\u0131na Yeni Y\u0131lmaz Cam San. ve Tic. Ltd. \u015eti. olarak ba\u015flam\u0131\u015ft\u0131r. 1995 y\u0131l\u0131nda Yunus Emre mahallesindeki 560m\u00b2 arsa \u00fczerindeki kendi yerimizde yapm\u0131\u015f oludu\u011fumuz 3 katl\u0131 binam\u0131zda \u00c7ift Cam ve toptan cam sat\u0131\u015f\u0131n\u0131 devam ettirmi\u015ftir.<br \/>\n1999 y\u0131l\u0131nda \u0131s\u0131cam yetkili \u00fcretici bayili\u011fini alan firmam\u0131z 2003 y\u0131l\u0131nda d\u00fcz cam bayili\u011fini alm\u0131\u015f ve yat\u0131r\u0131mlar\u0131na devam ederek kapal\u0131 alan\u0131n\u0131 5000m\u00b2 ye \u00e7\u0131karm\u0131\u015ft\u0131r.<br \/>\nY\u0131lda 100,000m\u00b2 \u0131s\u0131cam \u00fcretim kapasitesi 200,000m\u00b2 temperli cam \u00fcretim kapasitesi sat\u0131\u015f\u0131yla faaliyetini devam ettirmektedir.<br \/>\n\u0130\u015fletmemizde \u00f6zellikle :<\/p>\n<ul>\n<li>Mainati Marka \u0131s\u0131cam hatt\u0131,<\/li>\n<li>Lisec cam kesim hatt\u0131,<\/li>\n<li>Bottero Lamine cam kesim masas\u0131,<\/li>\n<li>Souttech Temper Makinesi,<\/li>\n<li>( D\u00fcz Ve Bombeli Tamper) D\u00fcz Ve Bal\u0131ks\u0131rt\u0131 Rodaj Hatt\u0131,<\/li>\n<li>Dikey Kumlama,<\/li>\n<\/ul>\n<p>CNC Delik ve t\u00fcm i\u015fleme makina ve ekipmanlar\u0131 kullanarak verdi\u011fimiz hizmet daha \u00fcst d\u00fczeye \u00e7\u0131karma \u00e7abalar\u0131m\u0131z s\u00fcrmektedir.<br \/>\nFirmam\u0131z Is\u0131cam Yetkili \u00dcretici ve Trakya Cam San A.\u015e. Yetkili Sat\u0131c\u0131s\u0131 olup TSE VE CE belgeler\u0131ne sahiptir.<br \/>\nFirmam\u0131m\u0131z gen\u00e7,yenilik\u00e7i,yat\u0131r\u0131mc\u0131,kalite ve geli\u015fen teknolojiyi takip eden politikas\u0131yla cam sekt\u00f6r\u00fcnin \u00f6nc\u00fc kurumlar\u0131ndan olma hedefi i\u00e7in \u00e7al\u0131\u015fmalar\u0131na h\u0131zla devam etmektedir.<\/p>\n","protected":false},"excerpt":{"rendered":"<p>\u0130\u015fletmemiz 1987 y\u0131l\u0131nda Y\u0131lmazlar Cam ad\u0131 ile Bursa Yavuz Selim mahallesinde 120m\u00b2 lik deposu ile bayilik yaparak ba\u015flam\u0131\u015ft\u0131r. 1993 y\u0131l\u0131nda \u0130talyan Malnati marka makine parkuruyla Be\u015fevler K\u00fc\u00e7\u00fck sanayi Sitesinde 300 m\u00b2 deposunda \u00c7ift Cam imalat\u0131na Yeni Y\u0131lmaz Cam San. ve Tic. Ltd. \u015eti. olarak ba\u015flam\u0131\u015ft\u0131r. 1995 y\u0131l\u0131nda Yunus Emre mahallesindeki 560m\u00b2 arsa \u00fczerindeki kendi yerimizde [&hellip;]<\/p>\n","protected":false},"author":1,"featured_media":0,"parent":0,"menu_order":0,"comment_status":"closed","ping_status":"closed","template":"sidebar-page.php","meta":[],"_links":{"self":[{"href":"http:\/\/www.yeniyilmazcam.com\/index.php\/wp-json\/wp\/v2\/pages\/21"}],"collection":[{"href":"http:\/\/www.yeniyilmazcam.com\/index.php\/wp-json\/wp\/v2\/pages"}],"about":[{"href":"http:\/\/www.yeniyilmazcam.com\/index.php\/wp-json\/wp\/v2\/types\/page"}],"author":[{"embeddable":true,"href":"http:\/\/www.yeniyilmazcam.com\/index.php\/wp-json\/wp\/v2\/users\/1"}],"replies":[{"embeddable":true,"href":"http:\/\/www.yeniyilmazcam.com\/index.php\/wp-json\/wp\/v2\/comments?post=21"}],"version-history":[{"count":7,"href":"http:\/\/www.yeniyilmazcam.com\/index.php\/wp-json\/wp\/v2\/pages\/21\/revisions"}],"predecessor-version":[{"id":282,"href":"http:\/\/www.yeniyilmazcam.com\/index.php\/wp-json\/wp\/v2\/pages\/21\/revisions\/282"}],"wp:attachment":[{"href":"http:\/\/www.yeniyilmazcam.com\/index.php\/wp-json\/wp\/v2\/media?parent=21"}],"curies":[{"name":"wp","href":"https:\/\/api.w.org\/{rel}","templated":true}]}}