{"id":2,"date":"2015-10-23T18:30:36","date_gmt":"2015-10-23T15:30:36","guid":{"rendered":"http:\/\/www.yeniyilmazcam.com\/?page_id=2"},"modified":"2015-11-03T17:16:27","modified_gmt":"2015-11-03T15:16:27","slug":"ornek-sayfa","status":"publish","type":"page","link":"http:\/\/www.yeniyilmazcam.com\/index.php\/ornek-sayfa\/","title":{"rendered":""},"content":{"rendered":"<div class=\"wrapper\" style=\"margin-top: -30px;\">\n<div class=\"row-3 clearfix\">\n<div class=\"col-1-3\">\n<h2 style=\"text-align: center;\">HAKKIMIZDA<\/h2>\n<p style=\"text-align: center;\"><a href=\"http:\/\/www.yeniyilmazcam.com\/kurumsal\/\"><img decoding=\"async\" loading=\"lazy\" class=\"alignnone size-medium wp-image-82\" src=\"http:\/\/www.yeniyilmazcam.com\/wp-content\/uploads\/2015\/10\/hakkimizda-300x145.jpg\" alt=\"hakkimizda\" width=\"300\" height=\"145\" srcset=\"http:\/\/www.yeniyilmazcam.com\/wp-content\/uploads\/2015\/10\/hakkimizda-300x145.jpg 300w, http:\/\/www.yeniyilmazcam.com\/wp-content\/uploads\/2015\/10\/hakkimizda-250x121.jpg 250w, http:\/\/www.yeniyilmazcam.com\/wp-content\/uploads\/2015\/10\/hakkimizda.jpg 400w\" sizes=\"(max-width: 300px) 100vw, 300px\" \/><\/a>Firmam\u0131z Is\u0131cam Yetkili \u00dcretici ve Trakya Cam San A.\u015e. Yetkili Sat\u0131c\u0131s\u0131 olup TSE VE CE belgeler\u0131ne sahiptir. <a href=\"http:\/\/www.yeniyilmazcam.com\/kurumsal\/\">Daha fazla<\/a><\/p>\n<\/div>\n<div class=\"col-1-3\">\n<h2 style=\"text-align: center;\">\u00dcRET\u0130M<\/h2>\n<p style=\"text-align: center;\"><a href=\"http:\/\/www.yeniyilmazcam.com\/uretim\/\"><img decoding=\"async\" loading=\"lazy\" class=\"alignnone size-medium wp-image-123\" src=\"http:\/\/www.yeniyilmazcam.com\/wp-content\/uploads\/2015\/10\/uretim-300x145.jpg\" alt=\"uretim\" width=\"300\" height=\"145\" srcset=\"http:\/\/www.yeniyilmazcam.com\/wp-content\/uploads\/2015\/10\/uretim.jpg 300w, http:\/\/www.yeniyilmazcam.com\/wp-content\/uploads\/2015\/10\/uretim-250x121.jpg 250w\" sizes=\"(max-width: 300px) 100vw, 300px\" \/><\/a>Firmam\u0131z y\u0131lda 100,000m\u00b2 \u0131s\u0131cam , 200,000m\u00b2 temperli cam \u00fcretim kapasitesi ile faaliyetini devam ettirmektedir. <a href=\"http:\/\/www.yeniyilmazcam.com\/uretim\/\">Daha fazla<\/a><\/p>\n<\/div>\n<div class=\"col-1-3\">\n<h2 style=\"text-align: center;\">\u00dcR\u00dcNLER\u0130M\u0130Z<\/h2>\n<p style=\"text-align: center;\"><a href=\"http:\/\/www.yeniyilmazcam.com\/urunlerimiz\/\"><img decoding=\"async\" loading=\"lazy\" class=\"alignnone size-medium wp-image-77\" src=\"http:\/\/www.yeniyilmazcam.com\/wp-content\/uploads\/2015\/10\/urunler-300x145.jpg\" alt=\"urunler\" width=\"300\" height=\"145\" srcset=\"http:\/\/www.yeniyilmazcam.com\/wp-content\/uploads\/2015\/10\/urunler-300x145.jpg 300w, http:\/\/www.yeniyilmazcam.com\/wp-content\/uploads\/2015\/10\/urunler-250x121.jpg 250w, http:\/\/www.yeniyilmazcam.com\/wp-content\/uploads\/2015\/10\/urunler.jpg 400w\" sizes=\"(max-width: 300px) 100vw, 300px\" \/><\/a>Giydirme Cephe, Temperli Camlar, Du\u015fakabin Camlar\u0131,Cam Balkon, Cam Masa,Is\u0131cam gibi \u00e7e\u015fitli \u00fcr\u00fcnler \u00fcretmekteyiz. <a href=\"http:\/\/www.yeniyilmazcam.com\/urunlerimiz\/\">Daha fazla<\/a><\/p>\n<\/div>\n<\/div>\n<\/div>\n","protected":false},"excerpt":{"rendered":"<p>HAKKIMIZDA Firmam\u0131z Is\u0131cam Yetkili \u00dcretici ve Trakya Cam San A.\u015e. Yetkili Sat\u0131c\u0131s\u0131 olup TSE VE CE belgeler\u0131ne sahiptir. Daha fazla \u00dcRET\u0130M Firmam\u0131z y\u0131lda 100,000m\u00b2 \u0131s\u0131cam , 200,000m\u00b2 temperli cam \u00fcretim kapasitesi ile faaliyetini devam ettirmektedir. Daha fazla \u00dcR\u00dcNLER\u0130M\u0130Z Giydirme Cephe, Temperli Camlar, Du\u015fakabin Camlar\u0131,Cam Balkon, Cam Masa,Is\u0131cam gibi \u00e7e\u015fitli \u00fcr\u00fcnler \u00fcretmekteyiz. Daha fazla<\/p>\n","protected":false},"author":1,"featured_media":0,"parent":0,"menu_order":0,"comment_status":"closed","ping_status":"open","template":"sidebar-page.php","meta":[],"_links":{"self":[{"href":"http:\/\/www.yeniyilmazcam.com\/index.php\/wp-json\/wp\/v2\/pages\/2"}],"collection":[{"href":"http:\/\/www.yeniyilmazcam.com\/index.php\/wp-json\/wp\/v2\/pages"}],"about":[{"href":"http:\/\/www.yeniyilmazcam.com\/index.php\/wp-json\/wp\/v2\/types\/page"}],"author":[{"embeddable":true,"href":"http:\/\/www.yeniyilmazcam.com\/index.php\/wp-json\/wp\/v2\/users\/1"}],"replies":[{"embeddable":true,"href":"http:\/\/www.yeniyilmazcam.com\/index.php\/wp-json\/wp\/v2\/comments?post=2"}],"version-history":[{"count":29,"href":"http:\/\/www.yeniyilmazcam.com\/index.php\/wp-json\/wp\/v2\/pages\/2\/revisions"}],"predecessor-version":[{"id":231,"href":"http:\/\/www.yeniyilmazcam.com\/index.php\/wp-json\/wp\/v2\/pages\/2\/revisions\/231"}],"wp:attachment":[{"href":"http:\/\/www.yeniyilmazcam.com\/index.php\/wp-json\/wp\/v2\/media?parent=2"}],"curies":[{"name":"wp","href":"https:\/\/api.w.org\/{rel}","templated":true}]}}